{"id":1373,"date":"2022-01-06T18:04:01","date_gmt":"2022-01-06T17:04:01","guid":{"rendered":"https:\/\/poleo.fr\/?page_id=1373"},"modified":"2022-01-19T16:40:49","modified_gmt":"2022-01-19T15:40:49","slug":"produittype","status":"publish","type":"page","link":"https:\/\/poleo.fr\/index.php\/produittype\/","title":{"rendered":"ProduitType"},"content":{"rendered":"<ul>\n<li>\n<p>        <img decoding=\"async\" src=\"\/wp-content\/uploads\/2022\/01\/Capture-de%CC%81cran-2022-01-18-a%CC%80-17.48.19.png\" alt=\"\"><\/p>\n<\/li>\n<li>\n<p>        <img decoding=\"async\" src=\"\/wp-content\/uploads\/2021\/12\/POLEO-V2-090.jpg\" alt=\"\"><\/p>\n<\/li>\n<li>\n<p>        <img decoding=\"async\" src=\"\/wp-content\/uploads\/2021\/12\/POLEO-V2-035.jpg\" alt=\"\"><\/p>\n<\/li>\n<\/ul>\n<h1>Le polo manches courtes<\/h1>\n<h1>HERIADES<\/h1>\n<hr>\n<div>\n<p>Le polo manches courtes classique poss\u00e8de une coupe seyante et adapt\u00e9e \u00e0 la morphologie de chacun. Il n\u2019y a pas de mod\u00e8le mixte pour une meilleure tenue et un plus grand confort.<\/p>\n<p><b>Tarif unitaire : <\/b>\u00e0 partir de 25\u20ac<\/p>\n<\/div>\n<hr>\n<ul>\n<li>\n<h3>D\u00c9TAILS<\/h3>\n<div>\n<p><b>Mati\u00e8re :<\/b><span style=\"font-weight: 400;\"> Piqu\u00e9 coton 100% coton 230 grs<\/span><br \/><b>Tailles : <\/b><span style=\"font-weight: 400;\">enfant 6-16 \/ adulte S-XXL\u00a0<\/span><\/p>\n<\/div>\n<\/li>\n<li>\n<p>        <img decoding=\"async\" src=\"\/wp-content\/uploads\/2022\/01\/Capture-de%CC%81cran-2022-01-19-a%CC%80-16.11.56.png\" alt=\"\"><\/p>\n<h3>CONSEIL D&rsquo;ENTRETIEN<\/h3>\n<\/li>\n<li>\n<h3>PERSONNALISATION<\/h3>\n<div>Print ou Broderie (au niveau du coeur) et Print ou Broderie (au niveau du dos)<br \/>\nDimensions maximales : coeur => 8 cm de large<br \/>\ndos => 22 cm de large<\/div>\n<\/li>\n<\/ul>\n<p><!-- {\"type\":\"layout\",\"children\":[{\"type\":\"section\",\"props\":{\"style\":\"default\",\"width\":\"default\",\"vertical_align\":\"middle\",\"title_position\":\"top-left\",\"title_rotation\":\"left\",\"title_breakpoint\":\"xl\",\"image_position\":\"center-center\"},\"children\":[{\"type\":\"row\",\"props\":{\"layout\":\"1-2,1-2\"},\"children\":[{\"type\":\"column\",\"props\":{\"image_position\":\"center-center\",\"media_overlay_gradient\":\"\",\"width_medium\":\"1-2\"},\"children\":[{\"type\":\"slideshow\",\"props\":{\"show_title\":true,\"show_meta\":true,\"show_content\":true,\"show_link\":true,\"show_thumbnail\":true,\"slideshow_min_height\":\"\",\"slideshow_autoplay_pause\":true,\"nav\":\"thumbnav\",\"nav_position\":\"bottom-center\",\"nav_position_margin\":\"medium\",\"nav_align\":\"left\",\"nav_breakpoint\":\"s\",\"thumbnav_width\":\"100\",\"thumbnav_height\":\"100\",\"thumbnav_svg_color\":\"emphasis\",\"slidenav\":\"default\",\"slidenav_margin\":\"medium\",\"slidenav_breakpoint\":\"s\",\"slidenav_outside_breakpoint\":\"xl\",\"overlay_position\":\"center-left\",\"overlay_animation\":\"parallax\",\"title_element\":\"h3\",\"meta_style\":\"meta\",\"meta_align\":\"below-title\",\"meta_element\":\"div\",\"link_text\":\"Read more\",\"link_style\":\"default\",\"margin\":\"default\",\"nav_below\":true,\"slideshow_height\":\"\",\"slideshow_ratio\":\"9:12\",\"thumbnav_nowrap\":false,\"image_width\":\"400\",\"image_height\":\"530\"},\"children\":[{\"type\":\"slideshow_item\",\"props\":{\"image\":\"wp-content\\\/uploads\\\/2022\\\/01\\\/Capture-de\\u0301cran-2022-01-18-a\\u0300-17.48.19.png\"}},{\"type\":\"slideshow_item\",\"props\":{\"image\":\"wp-content\\\/uploads\\\/2021\\\/12\\\/POLEO-V2-090.jpg\"}},{\"type\":\"slideshow_item\",\"props\":{\"image\":\"wp-content\\\/uploads\\\/2021\\\/12\\\/POLEO-V2-035.jpg\"}}]}]},{\"type\":\"column\",\"props\":{\"image_position\":\"center-center\",\"media_overlay_gradient\":\"\",\"width_medium\":\"1-2\"},\"children\":[{\"type\":\"headline\",\"props\":{\"title_element\":\"h1\",\"content\":\"Le polo manches courtes\",\"title_style\":\"h3\",\"margin_remove_bottom\":false,\"margin\":\"small\"}},{\"type\":\"headline\",\"props\":{\"title_element\":\"h1\",\"content\":\"HERIADES\",\"title_style\":\"h5\",\"margin_remove_top\":true,\"title_font_family\":\"default\",\"title_color\":\"muted\"}},{\"type\":\"divider\",\"props\":{\"divider_element\":\"hr\"}},{\"type\":\"text\",\"props\":{\"margin\":\"default\",\"column_breakpoint\":\"m\",\"content\":\"\n\n<p>Le polo manches courtes classique poss\\u00e8de une coupe seyante et adapt\\u00e9e \\u00e0 la morphologie de chacun. Il n\\u2019y a pas de mod\\u00e8le mixte pour une meilleure tenue et un plus grand confort.<\\\/p>\\n\n\n<p><b>Tarif unitaire : <\\\/b>\\u00e0 partir de 25\\u20ac<\\\/p>\"}},{\"type\":\"divider\",\"props\":{\"divider_element\":\"hr\"}},{\"type\":\"switcher\",\"props\":{\"show_title\":false,\"show_meta\":true,\"show_content\":true,\"show_image\":true,\"show_link\":true,\"show_label\":true,\"show_thumbnail\":true,\"switcher_style\":\"subnav-divider\",\"switcher_thumbnail_svg_color\":\"emphasis\",\"switcher_position\":\"top\",\"switcher_align\":\"left\",\"switcher_grid_width\":\"auto\",\"switcher_grid_breakpoint\":\"m\",\"switcher_animation\":\"fade\",\"switcher_height\":true,\"title_element\":\"h3\",\"title_align\":\"top\",\"title_grid_width\":\"1-2\",\"title_grid_breakpoint\":\"m\",\"meta_style\":\"meta\",\"meta_align\":\"below-title\",\"meta_element\":\"div\",\"content_column_breakpoint\":\"m\",\"image_svg_color\":\"emphasis\",\"image_align\":\"top\",\"image_grid_width\":\"1-2\",\"image_grid_breakpoint\":\"m\",\"switcher_thumbnail_width\":\"100\",\"switcher_thumbnail_height\":\"75\",\"link_text\":\"Read more\",\"link_style\":\"default\",\"margin\":\"default\",\"switcher_margin\":\"\",\"title_style\":\"h6\",\"image_width\":\"200\"},\"children\":[{\"type\":\"switcher_item\",\"props\":{\"title\":\"D\\u00c9TAILS\",\"content\":\"\n\n<p><b>Mati\\u00e8re :<\\\/b><span style=\\\"font-weight: 400;\\\"> Piqu\\u00e9 coton 100% coton 230 grs<\\\/span><br \\\/><b>Tailles : <\\\/b><span style=\\\"font-weight: 400;\\\">enfant 6-16 \\\/ adulte S-XXL\\u00a0<\\\/span><\\\/p>\"}},{\"type\":\"switcher_item\",\"props\":{\"title\":\"CONSEIL D'ENTRETIEN\",\"content\":\"\",\"image\":\"wp-content\\\/uploads\\\/2022\\\/01\\\/Capture-de\\u0301cran-2022-01-19-a\\u0300-16.11.56.png\"}},{\"type\":\"switcher_item\",\"props\":{\"title\":\"PERSONNALISATION\",\"content\":\"Print ou Broderie (au niveau du coeur) et Print ou Broderie (au niveau du dos)\\nDimensions maximales : coeur => 8 cm de large\\ndos => 22 cm de large\"}}]}]}]}]}],\"version\":\"2.3.25\"} --><\/p>\n","protected":false},"excerpt":{"rendered":"<p>Le polo manches courtes HERIADES Le polo manches courtes classique poss\u00e8de une coupe seyante et adapt\u00e9e \u00e0 la morphologie de chacun. Il n\u2019y a pas de mod\u00e8le mixte pour une meilleure tenue et un plus grand confort. Tarif unitaire : \u00e0 partir de 25\u20ac D\u00c9TAILS Mati\u00e8re : Piqu\u00e9 coton 100% coton 230 grsTailles : enfant [&hellip;]<\/p>\n","protected":false},"author":2,"featured_media":0,"parent":0,"menu_order":0,"comment_status":"closed","ping_status":"closed","template":"","meta":{"content-type":"","footnotes":""},"class_list":["post-1373","page","type-page","status-publish","hentry"],"yoast_head":"<!-- This site is optimized with the Yoast SEO plugin v27.4 - https:\/\/yoast.com\/product\/yoast-seo-wordpress\/ -->\n<title>ProduitType - Poleo<\/title>\n<meta name=\"robots\" content=\"index, follow, max-snippet:-1, max-image-preview:large, max-video-preview:-1\" \/>\n<link rel=\"canonical\" href=\"https:\/\/poleo.fr\/index.php\/produittype\/\" \/>\n<meta property=\"og:locale\" content=\"fr_FR\" \/>\n<meta property=\"og:type\" content=\"article\" \/>\n<meta property=\"og:title\" content=\"ProduitType - Poleo\" \/>\n<meta property=\"og:description\" content=\"Le polo manches courtes HERIADES Le polo manches courtes classique poss\u00e8de une coupe seyante et adapt\u00e9e \u00e0 la morphologie de chacun. Il n\u2019y a pas de mod\u00e8le mixte pour une meilleure tenue et un plus grand confort. Tarif unitaire : \u00e0 partir de 25\u20ac D\u00c9TAILS Mati\u00e8re : Piqu\u00e9 coton 100% coton 230 grsTailles : enfant [&hellip;]\" \/>\n<meta property=\"og:url\" content=\"https:\/\/poleo.fr\/index.php\/produittype\/\" \/>\n<meta property=\"og:site_name\" content=\"Poleo\" \/>\n<meta property=\"article:modified_time\" content=\"2022-01-19T15:40:49+00:00\" \/>\n<meta name=\"twitter:card\" content=\"summary_large_image\" \/>\n<script type=\"application\/ld+json\" class=\"yoast-schema-graph\">{\"@context\":\"https:\\\/\\\/schema.org\",\"@graph\":[{\"@type\":\"WebPage\",\"@id\":\"https:\\\/\\\/poleo.fr\\\/index.php\\\/produittype\\\/\",\"url\":\"https:\\\/\\\/poleo.fr\\\/index.php\\\/produittype\\\/\",\"name\":\"ProduitType - Poleo\",\"isPartOf\":{\"@id\":\"https:\\\/\\\/poleo.fr\\\/#website\"},\"datePublished\":\"2022-01-06T17:04:01+00:00\",\"dateModified\":\"2022-01-19T15:40:49+00:00\",\"breadcrumb\":{\"@id\":\"https:\\\/\\\/poleo.fr\\\/index.php\\\/produittype\\\/#breadcrumb\"},\"inLanguage\":\"fr-FR\",\"potentialAction\":[{\"@type\":\"ReadAction\",\"target\":[\"https:\\\/\\\/poleo.fr\\\/index.php\\\/produittype\\\/\"]}]},{\"@type\":\"BreadcrumbList\",\"@id\":\"https:\\\/\\\/poleo.fr\\\/index.php\\\/produittype\\\/#breadcrumb\",\"itemListElement\":[{\"@type\":\"ListItem\",\"position\":1,\"name\":\"Accueil\",\"item\":\"https:\\\/\\\/poleo.fr\\\/\"},{\"@type\":\"ListItem\",\"position\":2,\"name\":\"ProduitType\"}]},{\"@type\":\"WebSite\",\"@id\":\"https:\\\/\\\/poleo.fr\\\/#website\",\"url\":\"https:\\\/\\\/poleo.fr\\\/\",\"name\":\"Poleo\",\"description\":\"Tenues scolaires\",\"publisher\":{\"@id\":\"https:\\\/\\\/poleo.fr\\\/#organization\"},\"potentialAction\":[{\"@type\":\"SearchAction\",\"target\":{\"@type\":\"EntryPoint\",\"urlTemplate\":\"https:\\\/\\\/poleo.fr\\\/?s={search_term_string}\"},\"query-input\":{\"@type\":\"PropertyValueSpecification\",\"valueRequired\":true,\"valueName\":\"search_term_string\"}}],\"inLanguage\":\"fr-FR\"},{\"@type\":\"Organization\",\"@id\":\"https:\\\/\\\/poleo.fr\\\/#organization\",\"name\":\"Poleo\",\"url\":\"https:\\\/\\\/poleo.fr\\\/\",\"logo\":{\"@type\":\"ImageObject\",\"inLanguage\":\"fr-FR\",\"@id\":\"https:\\\/\\\/poleo.fr\\\/#\\\/schema\\\/logo\\\/image\\\/\",\"url\":\"https:\\\/\\\/poleo.fr\\\/wp-content\\\/uploads\\\/2021\\\/04\\\/Poleo_logo_WApp.jpg\",\"contentUrl\":\"https:\\\/\\\/poleo.fr\\\/wp-content\\\/uploads\\\/2021\\\/04\\\/Poleo_logo_WApp.jpg\",\"width\":2084,\"height\":2084,\"caption\":\"Poleo\"},\"image\":{\"@id\":\"https:\\\/\\\/poleo.fr\\\/#\\\/schema\\\/logo\\\/image\\\/\"}}]}<\/script>\n<!-- \/ Yoast SEO plugin. -->","yoast_head_json":{"title":"ProduitType - Poleo","robots":{"index":"index","follow":"follow","max-snippet":"max-snippet:-1","max-image-preview":"max-image-preview:large","max-video-preview":"max-video-preview:-1"},"canonical":"https:\/\/poleo.fr\/index.php\/produittype\/","og_locale":"fr_FR","og_type":"article","og_title":"ProduitType - Poleo","og_description":"Le polo manches courtes HERIADES Le polo manches courtes classique poss\u00e8de une coupe seyante et adapt\u00e9e \u00e0 la morphologie de chacun. Il n\u2019y a pas de mod\u00e8le mixte pour une meilleure tenue et un plus grand confort. Tarif unitaire : \u00e0 partir de 25\u20ac D\u00c9TAILS Mati\u00e8re : Piqu\u00e9 coton 100% coton 230 grsTailles : enfant [&hellip;]","og_url":"https:\/\/poleo.fr\/index.php\/produittype\/","og_site_name":"Poleo","article_modified_time":"2022-01-19T15:40:49+00:00","twitter_card":"summary_large_image","schema":{"@context":"https:\/\/schema.org","@graph":[{"@type":"WebPage","@id":"https:\/\/poleo.fr\/index.php\/produittype\/","url":"https:\/\/poleo.fr\/index.php\/produittype\/","name":"ProduitType - Poleo","isPartOf":{"@id":"https:\/\/poleo.fr\/#website"},"datePublished":"2022-01-06T17:04:01+00:00","dateModified":"2022-01-19T15:40:49+00:00","breadcrumb":{"@id":"https:\/\/poleo.fr\/index.php\/produittype\/#breadcrumb"},"inLanguage":"fr-FR","potentialAction":[{"@type":"ReadAction","target":["https:\/\/poleo.fr\/index.php\/produittype\/"]}]},{"@type":"BreadcrumbList","@id":"https:\/\/poleo.fr\/index.php\/produittype\/#breadcrumb","itemListElement":[{"@type":"ListItem","position":1,"name":"Accueil","item":"https:\/\/poleo.fr\/"},{"@type":"ListItem","position":2,"name":"ProduitType"}]},{"@type":"WebSite","@id":"https:\/\/poleo.fr\/#website","url":"https:\/\/poleo.fr\/","name":"Poleo","description":"Tenues scolaires","publisher":{"@id":"https:\/\/poleo.fr\/#organization"},"potentialAction":[{"@type":"SearchAction","target":{"@type":"EntryPoint","urlTemplate":"https:\/\/poleo.fr\/?s={search_term_string}"},"query-input":{"@type":"PropertyValueSpecification","valueRequired":true,"valueName":"search_term_string"}}],"inLanguage":"fr-FR"},{"@type":"Organization","@id":"https:\/\/poleo.fr\/#organization","name":"Poleo","url":"https:\/\/poleo.fr\/","logo":{"@type":"ImageObject","inLanguage":"fr-FR","@id":"https:\/\/poleo.fr\/#\/schema\/logo\/image\/","url":"https:\/\/poleo.fr\/wp-content\/uploads\/2021\/04\/Poleo_logo_WApp.jpg","contentUrl":"https:\/\/poleo.fr\/wp-content\/uploads\/2021\/04\/Poleo_logo_WApp.jpg","width":2084,"height":2084,"caption":"Poleo"},"image":{"@id":"https:\/\/poleo.fr\/#\/schema\/logo\/image\/"}}]}},"_links":{"self":[{"href":"https:\/\/poleo.fr\/index.php\/wp-json\/wp\/v2\/pages\/1373","targetHints":{"allow":["GET"]}}],"collection":[{"href":"https:\/\/poleo.fr\/index.php\/wp-json\/wp\/v2\/pages"}],"about":[{"href":"https:\/\/poleo.fr\/index.php\/wp-json\/wp\/v2\/types\/page"}],"author":[{"embeddable":true,"href":"https:\/\/poleo.fr\/index.php\/wp-json\/wp\/v2\/users\/2"}],"replies":[{"embeddable":true,"href":"https:\/\/poleo.fr\/index.php\/wp-json\/wp\/v2\/comments?post=1373"}],"version-history":[{"count":5,"href":"https:\/\/poleo.fr\/index.php\/wp-json\/wp\/v2\/pages\/1373\/revisions"}],"predecessor-version":[{"id":1448,"href":"https:\/\/poleo.fr\/index.php\/wp-json\/wp\/v2\/pages\/1373\/revisions\/1448"}],"wp:attachment":[{"href":"https:\/\/poleo.fr\/index.php\/wp-json\/wp\/v2\/media?parent=1373"}],"curies":[{"name":"wp","href":"https:\/\/api.w.org\/{rel}","templated":true}]}}